{"id":102689,"date":"2022-11-18T04:05:05","date_gmt":"2022-11-18T04:05:05","guid":{"rendered":"https:\/\/www.galloway-swiss.ch\/produkt\/softshell-gilet-herren\/"},"modified":"2022-11-23T19:39:15","modified_gmt":"2022-11-23T19:39:15","slug":"softshell-gilet-herren","status":"publish","type":"product","link":"https:\/\/www.galloway-swiss.ch\/fr\/produit\/softshell-gilet-herren\/","title":{"rendered":"Gilet softshell Hommes"},"content":{"rendered":"<p>Gilet softshell Hommes en rouge analogue \n\u00e0 la veste, 2 poches ext\u00e9rieures et int\u00e9rieures<br \/>\nBroderie: logo de l'association Swiss Galloway Society sur dos et poitrine<br \/>\nVariante: broderie avec propre logo de la ferme (prix sur demande selon frais effectifs pour logo de ferme)<\/p>","protected":false},"excerpt":{"rendered":"<p>Gilet softshell tendance Hommes, en rouge<\/p>","protected":false},"featured_media":1006,"template":"","meta":{"_et_pb_use_builder":"","_et_pb_old_content":"","_et_gb_content_width":""},"product_brand":[],"product_cat":[39,40],"product_tag":[],"class_list":{"0":"post-102689","1":"product","2":"type-product","3":"status-publish","4":"has-post-thumbnail","6":"product_cat-alle-produkte","7":"product_cat-bekleidung","9":"first","10":"instock","11":"shipping-taxable","12":"purchasable","13":"product-type-variable"},"_links":{"self":[{"href":"https:\/\/www.galloway-swiss.ch\/fr\/wp-json\/wp\/v2\/product\/102689","targetHints":{"allow":["GET"]}}],"collection":[{"href":"https:\/\/www.galloway-swiss.ch\/fr\/wp-json\/wp\/v2\/product"}],"about":[{"href":"https:\/\/www.galloway-swiss.ch\/fr\/wp-json\/wp\/v2\/types\/product"}],"wp:featuredmedia":[{"embeddable":true,"href":"https:\/\/www.galloway-swiss.ch\/fr\/wp-json\/wp\/v2\/media\/1006"}],"wp:attachment":[{"href":"https:\/\/www.galloway-swiss.ch\/fr\/wp-json\/wp\/v2\/media?parent=102689"}],"wp:term":[{"taxonomy":"product_brand","embeddable":true,"href":"https:\/\/www.galloway-swiss.ch\/fr\/wp-json\/wp\/v2\/product_brand?post=102689"},{"taxonomy":"product_cat","embeddable":true,"href":"https:\/\/www.galloway-swiss.ch\/fr\/wp-json\/wp\/v2\/product_cat?post=102689"},{"taxonomy":"product_tag","embeddable":true,"href":"https:\/\/www.galloway-swiss.ch\/fr\/wp-json\/wp\/v2\/product_tag?post=102689"}],"curies":[{"name":"wp","href":"https:\/\/api.w.org\/{rel}","templated":true}]}}