{"id":1692,"date":"2022-11-08T19:16:58","date_gmt":"2022-11-08T19:16:58","guid":{"rendered":"https:\/\/www.galloway-swiss.ch\/agb\/"},"modified":"2022-11-30T21:11:03","modified_gmt":"2022-11-30T21:11:03","slug":"agb","status":"publish","type":"page","link":"https:\/\/www.galloway-swiss.ch\/fr\/agb\/","title":{"rendered":"AGB"},"content":{"rendered":"[et_pb_section fb_built=&#8220;1&#8243; _builder_version=&#8220;4.19.0&#8243; _module_preset=&#8220;default&#8220; global_colors_info=&#8220;{}&#8220;][et_pb_row _builder_version=&#8220;4.16&#8243; _module_preset=&#8220;default&#8220; max_width=&#8220;900px&#8220; global_colors_info=&#8220;{}&#8220;][et_pb_column type=&#8220;4_4&#8243; _builder_version=&#8220;4.16&#8243; _module_preset=&#8220;default&#8220; global_colors_info=&#8220;{}&#8220;][et_pb_text _builder_version=&#8220;4.19.1&#8243; _module_preset=&#8220;default&#8220; header_font=&#8220;Times New Roman|700|||||||&#8220; header_text_align=&#8220;center&#8220; header_text_color=&#8220;#353E4A&#8220; header_font_size=&#8220;44px&#8220; header_3_font=&#8220;Times New Roman|700|||||||&#8220; header_3_text_align=&#8220;center&#8220; header_3_text_color=&#8220;#353E4A&#8220; header_3_font_size=&#8220;27px&#8220; header_3_line_height=&#8220;1.6em&#8220; header_font_size_tablet=&#8220;&#8220; header_font_size_phone=&#8220;35px&#8220; header_font_size_last_edited=&#8220;on|phone&#8220; header_3_font_size_tablet=&#8220;36px&#8220; header_3_font_size_phone=&#8220;28px&#8220; header_3_font_size_last_edited=&#8220;on|phone&#8220; locked=&#8220;off&#8220; global_colors_info=&#8220;{}&#8220;]\n<h1>AGB<\/h1>\n[\/et_pb_text][et_pb_divider color=&#8220;#9B000E&#8220; divider_style=&#8220;dotted&#8220; divider_weight=&#8220;12px&#8220; _builder_version=&#8220;4.19.0&#8243; max_width=&#8220;150px&#8220; module_alignment=&#8220;center&#8220; custom_padding=&#8220;25px||25px||true|false&#8220; global_colors_info=&#8220;{}&#8220;][\/et_pb_divider][\/et_pb_column][\/et_pb_row][et_pb_row _builder_version=&#8220;4.19.1&#8243; _module_preset=&#8220;default&#8220; global_colors_info=&#8220;{}&#8220;][et_pb_column type=&#8220;4_4&#8243; _builder_version=&#8220;4.19.1&#8243; _module_preset=&#8220;default&#8220; global_colors_info=&#8220;{}&#8220;][et_pb_text _builder_version=&#8220;4.19.1&#8243; _module_preset=&#8220;default&#8220; text_text_color=&#8220;#353E4A&#8220; text_font_size=&#8220;17px&#8220; header_2_font=&#8220;|700|||||||&#8220; header_2_text_color=&#8220;#353E4A&#8220; header_2_font_size=&#8220;22px&#8220; header_3_font=&#8220;|700|||||||&#8220; header_3_font_size=&#8220;17px&#8220; hover_enabled=&#8220;0&#8243; global_colors_info=&#8220;{}&#8220; sticky_enabled=&#8220;0&#8243;]\n<h2>Allgemeine Gesch\u00e4ftsbedingungen<\/h2>\n<p><strong>Shop von Galloway Swiss Society Allgemeine Gesch\u00e4ftsbedingungen.<\/strong><\/p>\n<h3>1. Geltungsbereich<\/h3>\n<p>Die Allgemeinen Gesch\u00e4ftsbedingungen (nachfolgend \u00abAGB\u00bb genannt), gelten f\u00fcr s\u00e4mtliche Rechtsgesch\u00e4fte, die \u00fcber den Onlineshop der Swiss Galloway Society abgeschlossen werden.<br \/>Die Swiss Galloway Society beh\u00e4lt sich das Recht vor, diese AGB jederzeit zu \u00e4ndern. Massgebend ist jeweils die zum Zeitpunkt der Bestellung geltende Version dieser AGB, welche f\u00fcr diese Bestellung nicht einseitig ge\u00e4ndert werden k\u00f6nnen. Entgegenstehende oder von diesen ABG abweichende Bedingungen werden nicht anerkannt.<br \/>Lieferungen erfolgen ausschliesslich an Adressen in der Schweiz oder in Lichtenstein.<\/p>\n<h3>2. Preise<\/h3>\n<p>S\u00e4mtliche Preise sind in Schweizer Franken, exklusive allf\u00e4lliger Versandkosten, inklusive Mehrwertsteuer.<\/p>\n<h3>3. Eigentumsvorbehalt<\/h3>\n<p>Bis zur vollst\u00e4ndigen Bezahlung bleibt die Ware Eigentum der Swiss Galloway Society<\/p>\n<h3>4. Auftrag<\/h3>\n<p>Auftr\u00e4ge per E-Mail oder als Online-Bestellung \u00fcber Swiss Galloway Society gelten bei Eingang als angenommen. . \u00c4nderungen des Auftrages m\u00fcssen schriftlich erfolgen und k\u00f6nnen verrechnet werden.<\/p>\n<h3>5. Bezahlung<\/h3>\n<p>Die Lieferung erfolgt mit der von Ihnen gew\u00fcnschten Zahlungsmethode. Im Normalfall liefern wir gegen Rechnung.<\/p>\n<h3>7. Lieferfristen<\/h3>\n<p>Bestellungen werden in der Regel innert 5 Arbeitstagen per Post verschickt.<br \/>Postversand<br \/>Portokosten Schweiz (inkl. Verpackung):<br \/>Fr. 12.- pauschal bis 30 kg (PostPac Economy)<br \/>Fr. 15.- pauschal bis 30 kg (PostPac Priority)<\/p>\n<h3>9. Beanstandungen \/ R\u00fccksendungen<\/h3>\n<p>Beanstandungen m\u00fcssen innerhalb 5 Tagen nach Empfang der Ware erfolgen. R\u00fccksendungen werden nicht angenommen, es sei denn es handle sich um ein wesentliches Versehen unsererseits. F\u00fcr Warenr\u00fccksendungen, die ohne unser Einverst\u00e4ndnis erfolgen, k\u00f6nnen wir keine Gutschrift erteilen. Handels\u00fcbliche und technisch unvermeidbare Toleranzen bei Textilien in der Farbe, Qualit\u00e4t, Material, Gewicht und sonstige Ausf\u00fchrungen sind kein Anlass f\u00fcr Beanstandungen. Kleidungsst\u00fccke, die nicht gem\u00e4ss der Waschanleitung gereinigt wurden, k\u00f6nnen nicht beanstandet werden.<\/p>\n<h3>10. Datenschutz<\/h3>\n<p>Wir verarbeiten personenbezogene Daten von Kunden unter strikter Beachtung des geltenden Datenschutzgesetzes. Alle Daten werden absolut vertraulich behandelt und Dritten nicht zug\u00e4nglich gemacht. Die Daten werden ausschliesslich zur Erf\u00fcllung des Vertragsverh\u00e4ltnisses, zur Bearbeitung der von Ihnen gew\u00fcnschten Informationen, sowie zu Statistikzwecken verwendet.<\/p>\n<h3>11. Erf\u00fcllungsort<\/h3>\n<p>Als Erf\u00fcllungsort f\u00fcr unsere Warenlieferungen wie auch f\u00fcr Ihre Kaufpreiszahlungen gilt der Gesch\u00e4ftssitz der Swiss Galloway Society, sofern nicht ausdr\u00fccklich etwas anderes vereinbart worden ist.<\/p>\n[\/et_pb_text][\/et_pb_column][\/et_pb_row][\/et_pb_section]\n","protected":false},"excerpt":{"rendered":"<p>AGBAllgemeine Gesch\u00e4ftsbedingungen Shop von Galloway Swiss Society Allgemeine Gesch\u00e4ftsbedingungen. 1. Geltungsbereich Die Allgemeinen Gesch\u00e4ftsbedingungen (nachfolgend \u00abAGB\u00bb genannt), gelten f\u00fcr s\u00e4mtliche Rechtsgesch\u00e4fte, die \u00fcber den Onlineshop der Swiss Galloway Society abgeschlossen werden.Die Swiss Galloway Society beh\u00e4lt sich das Recht vor, diese AGB jederzeit zu \u00e4ndern. Massgebend ist jeweils die zum Zeitpunkt der Bestellung geltende Version dieser [&hellip;]<\/p>\n","protected":false},"author":1,"featured_media":0,"parent":0,"menu_order":0,"comment_status":"closed","ping_status":"closed","template":"","meta":{"_et_pb_use_builder":"on","_et_pb_old_content":"","_et_gb_content_width":"","footnotes":""},"class_list":["post-1692","page","type-page","status-publish","hentry"],"_links":{"self":[{"href":"https:\/\/www.galloway-swiss.ch\/fr\/wp-json\/wp\/v2\/pages\/1692","targetHints":{"allow":["GET"]}}],"collection":[{"href":"https:\/\/www.galloway-swiss.ch\/fr\/wp-json\/wp\/v2\/pages"}],"about":[{"href":"https:\/\/www.galloway-swiss.ch\/fr\/wp-json\/wp\/v2\/types\/page"}],"author":[{"embeddable":true,"href":"https:\/\/www.galloway-swiss.ch\/fr\/wp-json\/wp\/v2\/users\/1"}],"replies":[{"embeddable":true,"href":"https:\/\/www.galloway-swiss.ch\/fr\/wp-json\/wp\/v2\/comments?post=1692"}],"version-history":[{"count":4,"href":"https:\/\/www.galloway-swiss.ch\/fr\/wp-json\/wp\/v2\/pages\/1692\/revisions"}],"predecessor-version":[{"id":103176,"href":"https:\/\/www.galloway-swiss.ch\/fr\/wp-json\/wp\/v2\/pages\/1692\/revisions\/103176"}],"wp:attachment":[{"href":"https:\/\/www.galloway-swiss.ch\/fr\/wp-json\/wp\/v2\/media?parent=1692"}],"curies":[{"name":"wp","href":"https:\/\/api.w.org\/{rel}","templated":true}]}}