{"id":1515,"date":"2022-11-07T21:30:02","date_gmt":"2022-11-07T21:30:02","guid":{"rendered":"https:\/\/www.galloway-swiss.ch\/?page_id=1515"},"modified":"2023-12-29T18:58:33","modified_gmt":"2023-12-29T18:58:33","slug":"bannerwerbung","status":"publish","type":"page","link":"https:\/\/www.galloway-swiss.ch\/fr\/service\/bannerwerbung\/","title":{"rendered":"Publicit\u00e9 sur banni\u00e8re"},"content":{"rendered":"[et_pb_section fb_built=&#8220;1&#8243; custom_padding_last_edited=&#8220;on|phone&#8220; _builder_version=&#8220;4.16&#8243; _module_preset=&#8220;default&#8220; custom_padding_tablet=&#8220;&#8220; custom_padding_phone=&#8220;0px||||false|false&#8220; global_colors_info=&#8220;{}&#8220;][et_pb_row _builder_version=&#8220;4.16&#8243; _module_preset=&#8220;default&#8220; global_colors_info=&#8220;{}&#8220;][et_pb_column type=&#8220;4_4&#8243; _builder_version=&#8220;4.16&#8243; _module_preset=&#8220;default&#8220; global_colors_info=&#8220;{}&#8220;][et_pb_text _builder_version=&#8220;4.19.0&#8243; text_font=&#8220;|700||on|||||&#8220; text_text_color=&#8220;#9B000E&#8220; text_font_size=&#8220;20px&#8220; text_line_height=&#8220;1em&#8220; text_orientation=&#8220;center&#8220; custom_margin=&#8220;||18px||false|false&#8220; custom_margin_tablet=&#8220;||50px||false|false&#8220; custom_margin_phone=&#8220;||25px||false|false&#8220; custom_margin_last_edited=&#8220;on|phone&#8220; text_font_size_tablet=&#8220;68px&#8220; text_font_size_phone=&#8220;20px&#8220; text_font_size_last_edited=&#8220;on|phone&#8220; global_colors_info=&#8220;{%22gcid-1c56ed07-9c3c-4423-acce-df85d285aa40%22:%91%22text_text_color%22%93}&#8220;]Werde sichtbar mit deinem Logo[\/et_pb_text][et_pb_text _builder_version=&#8220;4.19.1&#8243; header_font=&#8220;Times New Roman|700|||||||&#8220; header_text_align=&#8220;center&#8220; header_text_color=&#8220;#353E4A&#8220; header_font_size=&#8220;53px&#8220; header_2_font=&#8220;Times New Roman|800|||||||&#8220; header_2_text_align=&#8220;center&#8220; header_2_text_color=&#8220;#353E4A&#8220; header_2_font_size=&#8220;56px&#8220; custom_margin=&#8220;||15px&#8220; header_font_size_tablet=&#8220;&#8220; header_font_size_phone=&#8220;35px&#8220; header_font_size_last_edited=&#8220;on|phone&#8220; header_2_font_size_tablet=&#8220;&#8220; header_2_font_size_phone=&#8220;34px&#8220; header_2_font_size_last_edited=&#8220;on|phone&#8220; global_colors_info=&#8220;{}&#8220;]\n<h1>Bannerwerbung<\/h1>\n[\/et_pb_text][et_pb_divider color=&#8220;#9B000E&#8220; divider_style=&#8220;dotted&#8220; divider_weight=&#8220;12px&#8220; _builder_version=&#8220;4.19.0&#8243; max_width=&#8220;150px&#8220; module_alignment=&#8220;center&#8220; custom_padding=&#8220;25px||||false|false&#8220; global_colors_info=&#8220;{}&#8220;][\/et_pb_divider][\/et_pb_column][\/et_pb_row][et_pb_row column_structure=&#8220;3_5,2_5&#8243; _builder_version=&#8220;4.19.1&#8243; _module_preset=&#8220;default&#8220; global_colors_info=&#8220;{}&#8220;][et_pb_column type=&#8220;3_5&#8243; _builder_version=&#8220;4.16&#8243; _module_preset=&#8220;default&#8220; global_colors_info=&#8220;{}&#8220;][et_pb_text _builder_version=&#8220;4.19.1&#8243; text_font=&#8220;||||||||&#8220; text_text_color=&#8220;#353E4A&#8220; text_font_size=&#8220;17px&#8220; header_5_font=&#8220;|700|||||||&#8220; header_5_font_size=&#8220;20px&#8220; header_5_line_height=&#8220;2.1em&#8220; global_colors_info=&#8220;{}&#8220;]\n<h5>Bannerwerbung f\u00fcr mehr Sichtbarkeit<\/h5>\n<p>Es besteht auf der Website der Swiss Galloway Society die M\u00f6glichkeit f\u00fcr Ihren Hof ein Werbebanner anzeigen zu lassen.<\/p>\n<p>Die verschiedenen Banner erscheinen beim Aufruf der Website hintereinander in abwechselnder Reihenfolge. Gleichzeitig werden diese mit Ihrer Internetseite verlinkt.<\/p>\n<p>Pro Kalenderjahr kostet Sie dieser Banner CHF 50.00, welche Ihnen jeweils in Rechnung gestellt werden und Ende Kalenderjahr ohne Widerruf f\u00fcr ein weiteres Jahr weiterlaufen.<\/p>\n<p>Senden Sie bitte Ihr gew\u00fcnschtes Sujet an das Sekretariat:<\/p>\n<p><strong>info@galloway-swiss.ch<\/strong><\/p>\n[\/et_pb_text][et_pb_button button_url=&#8220;@ET-DC@eyJkeW5hbWljIjp0cnVlLCJjb250ZW50IjoicG9zdF9saW5rX3VybF9wYWdlIiwic2V0dGluZ3MiOnsicG9zdF9pZCI6IjE1MjgifX0=@&#8220; button_text=&#8220;Kontakt&#8220; button_alignment=&#8220;left&#8220; _builder_version=&#8220;4.19.1&#8243; _dynamic_attributes=&#8220;button_url&#8220; custom_button=&#8220;on&#8220; button_text_size=&#8220;18px&#8220; button_text_color=&#8220;#ffffff&#8220; button_bg_color=&#8220;#9B000E&#8220; button_border_width=&#8220;0px&#8220; button_border_color=&#8220;#c47f17&#8243; button_border_radius=&#8220;0px&#8220; button_font=&#8220;|700||on|||||&#8220; button_use_icon=&#8220;off&#8220; custom_margin=&#8220;25px||&#8220; custom_padding=&#8220;7px|25px|7px|25px|true|true&#8220; box_shadow_style=&#8220;preset1&#8243; box_shadow_blur=&#8220;30px&#8220; locked=&#8220;off&#8220; global_colors_info=&#8220;{%22gcid-1c56ed07-9c3c-4423-acce-df85d285aa40%22:%91%22button_bg_color%22%93}&#8220; button_border_width__hover_enabled=&#8220;on&#8220; button_bg_color__hover_enabled=&#8220;on|desktop&#8220; button_bg_color__hover=&#8220;#9b444b&#8220; button_border_width__hover=&#8220;0px&#8220; button_bg_enable_color__hover=&#8220;on&#8220;][\/et_pb_button][\/et_pb_column][et_pb_column type=&#8220;2_5&#8243; _builder_version=&#8220;4.16&#8243; _module_preset=&#8220;default&#8220; global_colors_info=&#8220;{}&#8220;][et_pb_blurb title=&#8220;Vorgaben Bannerwerbung&#8220; use_icon=&#8220;on&#8220; font_icon=&#8220;&#xf0a7;||fa||900&#8243; icon_color=&#8220;#FFFFFF&#8220; _builder_version=&#8220;4.19.1&#8243; _module_preset=&#8220;default&#8220; header_font=&#8220;|700|||||||&#8220; header_text_align=&#8220;center&#8220; header_text_color=&#8220;#FFFFFF&#8220; header_font_size=&#8220;22px&#8220; header_line_height=&#8220;2.1em&#8220; body_text_align=&#8220;center&#8220; body_text_color=&#8220;rgba(255,255,255,0.84)&#8220; body_font_size=&#8220;17px&#8220; body_line_height=&#8220;1.6em&#8220; background_color=&#8220;#E54100&#8243; background_image=&#8220;https:\/\/www.galloway-swiss.ch\/wp-content\/uploads\/2022\/02\/butcher-11.jpg&#8220; custom_padding=&#8220;30px|15px|30px|15px|true|true&#8220; box_shadow_style=&#8220;preset3&#8243; global_colors_info=&#8220;{}&#8220;]\n<p>Max. Breite: <strong>700px<\/strong><br \/>Max. H\u00f6he: <strong>500px<\/strong><br \/>Max. Dateigr\u00f6sse: <strong>150 KB<\/strong><br \/>Format: <strong>jpg oder png<\/strong><\/p>\n[\/et_pb_blurb][\/et_pb_column][\/et_pb_row][\/et_pb_section][et_pb_section fb_built=&#8220;1&#8243; _builder_version=&#8220;4.19.0&#8243; _module_preset=&#8220;default&#8220; custom_padding=&#8220;0px||0px||false|false&#8220; locked=&#8220;off&#8220; global_colors_info=&#8220;{}&#8220;][et_pb_row column_structure=&#8220;3_5,2_5&#8243; use_custom_gutter=&#8220;on&#8220; gutter_width=&#8220;1&#8243; make_equal=&#8220;on&#8220; _builder_version=&#8220;4.22.1&#8243; _module_preset=&#8220;default&#8220; background_color=&#8220;#000000&#8243; width=&#8220;100%&#8220; max_width=&#8220;100%&#8220; custom_padding=&#8220;0px||0px||true|false&#8220; hover_enabled=&#8220;0&#8243; global_colors_info=&#8220;{}&#8220; sticky_enabled=&#8220;0&#8243;][et_pb_column type=&#8220;3_5&#8243; _builder_version=&#8220;4.22.1&#8243; _module_preset=&#8220;default&#8220; background_color=&#8220;#000000&#8243; use_background_color_gradient=&#8220;on&#8220; background_color_gradient_stops=&#8220;#000000 0%|#000000 100%&#8220; background_color_gradient_start=&#8220;#000000&#8243; background_color_gradient_end=&#8220;#000000&#8243; background_image=&#8220;https:\/\/www.galloway-swiss.ch\/wp-content\/uploads\/2023\/12\/swiss-galloway-society-lang-205.jpg&#8220; custom_padding=&#8220;150px||150px||true|false&#8220; animation_style=&#8220;fade&#8220; animation_delay=&#8220;200ms&#8220; animation_starting_opacity=&#8220;50%&#8220; hover_enabled=&#8220;0&#8243; global_colors_info=&#8220;{}&#8220; title_text=&#8220;swiss-galloway-society-lang-205&#8243; sticky_enabled=&#8220;0&#8243;][et_pb_divider show_divider=&#8220;off&#8220; _builder_version=&#8220;4.16&#8243; _module_preset=&#8220;default&#8220; global_colors_info=&#8220;{}&#8220;][\/et_pb_divider][\/et_pb_column][et_pb_column type=&#8220;2_5&#8243; module_class=&#8220;hp-re-column-2&#8243; _builder_version=&#8220;4.16&#8243; _module_preset=&#8220;default&#8220; background_color=&#8220;#000000&#8243; custom_padding=&#8220;200px|125px|200px|125px|true|true&#8220; custom_padding_tablet=&#8220;100px|125px|100px|125px|true|true&#8220; custom_padding_phone=&#8220;|50px||50px|true|true&#8220; custom_padding_last_edited=&#8220;on|phone&#8220; animation_style=&#8220;slide&#8220; animation_direction=&#8220;right&#8220; animation_delay=&#8220;200ms&#8220; animation_intensity_slide=&#8220;12%&#8220; animation_starting_opacity=&#8220;100%&#8220; global_colors_info=&#8220;{}&#8220;][et_pb_text _builder_version=&#8220;4.19.1&#8243; header_font=&#8220;||||||||&#8220; header_2_font=&#8220;Times New Roman|800|||||||&#8220; header_2_text_color=&#8220;#FFFFFF&#8220; header_2_font_size=&#8220;56px&#8220; custom_margin=&#8220;||15px&#8220; header_2_font_size_tablet=&#8220;&#8220; header_2_font_size_phone=&#8220;34px&#8220; header_2_font_size_last_edited=&#8220;on|phone&#8220; global_colors_info=&#8220;{}&#8220;]\n<h2>Galloway Swiss Society<\/h2>\n[\/et_pb_text][et_pb_divider color=&#8220;#9B000E&#8220; divider_style=&#8220;dotted&#8220; divider_weight=&#8220;12px&#8220; _builder_version=&#8220;4.19.0&#8243; max_width=&#8220;20%&#8220; custom_padding=&#8220;25px||25px||true|false&#8220; global_colors_info=&#8220;{}&#8220;][\/et_pb_divider][et_pb_text _builder_version=&#8220;4.19.1&#8243; text_text_color=&#8220;#FFFFFF&#8220; text_font_size=&#8220;17px&#8220; global_colors_info=&#8220;{}&#8220;]\n<p><span>Inserate aufschalten und erfolgreich verkaufen und kaufen!<\/span><\/p>\n[\/et_pb_text][et_pb_button button_url=&#8220;https:\/\/www.galloway-swiss.ch\/tiermarkt-sgs\/&#8220; button_text=&#8220;Weiter zum Tiermarkt&#8220; button_alignment=&#8220;left&#8220; _builder_version=&#8220;4.19.1&#8243; custom_button=&#8220;on&#8220; button_text_size=&#8220;18px&#8220; button_text_color=&#8220;#ffffff&#8220; button_bg_color=&#8220;#9B000E&#8220; button_border_width=&#8220;0px&#8220; button_border_color=&#8220;#c47f17&#8243; button_border_radius=&#8220;0px&#8220; button_font=&#8220;|700||on|||||&#8220; button_use_icon=&#8220;off&#8220; custom_margin=&#8220;50px||||false|false&#8220; custom_padding=&#8220;7px|25px|7px|25px|true|true&#8220; box_shadow_style=&#8220;preset1&#8243; box_shadow_blur=&#8220;30px&#8220; global_colors_info=&#8220;{}&#8220; button_border_width__hover_enabled=&#8220;on&#8220; button_bg_color__hover_enabled=&#8220;on|hover&#8220; button_bg_color__hover=&#8220;#9b1823&#8243; button_border_width__hover=&#8220;0px&#8220; button_bg_enable_color__hover=&#8220;on&#8220;][\/et_pb_button][\/et_pb_column][\/et_pb_row][\/et_pb_section]\n","protected":false},"excerpt":{"rendered":"<p>Werde sichtbar mit deinem LogoBannerwerbungBannerwerbung f\u00fcr mehr Sichtbarkeit Es besteht auf der Website der Swiss Galloway Society die M\u00f6glichkeit f\u00fcr Ihren Hof ein Werbebanner anzeigen zu lassen. Die verschiedenen Banner erscheinen beim Aufruf der Website hintereinander in abwechselnder Reihenfolge. Gleichzeitig werden diese mit Ihrer Internetseite verlinkt. Pro Kalenderjahr kostet Sie dieser Banner CHF 50.00, welche [&hellip;]<\/p>\n","protected":false},"author":1,"featured_media":0,"parent":1441,"menu_order":0,"comment_status":"closed","ping_status":"closed","template":"","meta":{"_et_pb_use_builder":"on","_et_pb_old_content":"","_et_gb_content_width":"","footnotes":""},"class_list":["post-1515","page","type-page","status-publish","hentry"],"_links":{"self":[{"href":"https:\/\/www.galloway-swiss.ch\/fr\/wp-json\/wp\/v2\/pages\/1515","targetHints":{"allow":["GET"]}}],"collection":[{"href":"https:\/\/www.galloway-swiss.ch\/fr\/wp-json\/wp\/v2\/pages"}],"about":[{"href":"https:\/\/www.galloway-swiss.ch\/fr\/wp-json\/wp\/v2\/types\/page"}],"author":[{"embeddable":true,"href":"https:\/\/www.galloway-swiss.ch\/fr\/wp-json\/wp\/v2\/users\/1"}],"replies":[{"embeddable":true,"href":"https:\/\/www.galloway-swiss.ch\/fr\/wp-json\/wp\/v2\/comments?post=1515"}],"version-history":[{"count":24,"href":"https:\/\/www.galloway-swiss.ch\/fr\/wp-json\/wp\/v2\/pages\/1515\/revisions"}],"predecessor-version":[{"id":103630,"href":"https:\/\/www.galloway-swiss.ch\/fr\/wp-json\/wp\/v2\/pages\/1515\/revisions\/103630"}],"up":[{"embeddable":true,"href":"https:\/\/www.galloway-swiss.ch\/fr\/wp-json\/wp\/v2\/pages\/1441"}],"wp:attachment":[{"href":"https:\/\/www.galloway-swiss.ch\/fr\/wp-json\/wp\/v2\/media?parent=1515"}],"curies":[{"name":"wp","href":"https:\/\/api.w.org\/{rel}","templated":true}]}}