{"id":1441,"date":"2022-11-07T20:15:36","date_gmt":"2022-11-07T20:15:36","guid":{"rendered":"https:\/\/www.galloway-swiss.ch\/?page_id=1441"},"modified":"2023-12-29T18:53:14","modified_gmt":"2023-12-29T18:53:14","slug":"service","status":"publish","type":"page","link":"https:\/\/www.galloway-swiss.ch\/fr\/service\/","title":{"rendered":"Service"},"content":{"rendered":"[et_pb_section fb_built=&#8220;1&#8243; admin_label=&#8220;Purchase&#8220; module_id=&#8220;Neueinsteiger&#8220; _builder_version=&#8220;4.17.4&#8243; background_color=&#8220;#000000&#8243; background_image=&#8220;https:\/\/www.galloway-swiss.ch\/wp-content\/uploads\/2022\/02\/butcher-11.jpg&#8220; custom_padding=&#8220;50px|0px|132px|0px|false|false&#8220; locked=&#8220;off&#8220; global_colors_info=&#8220;{}&#8220;][et_pb_row _builder_version=&#8220;4.16&#8243; background_image=&#8220;https:\/\/www.galloway-swiss.ch\/wp-content\/uploads\/2022\/02\/butcher-image-11.png&#8220; background_size=&#8220;initial&#8220; background_repeat=&#8220;repeat-x&#8220; width=&#8220;100%&#8220; max_width=&#8220;100%&#8220; custom_padding=&#8220;40px|0px|40px|0px|false|false&#8220; use_custom_width=&#8220;on&#8220; width_unit=&#8220;off&#8220; custom_width_percent=&#8220;100%&#8220; locked=&#8220;off&#8220; global_colors_info=&#8220;{}&#8220; background_color_gradient_start__hover=&#8220;#2b87da&#8220; background_color_gradient_start__hover_enabled=&#8220;#2b87da&#8220; background_color_gradient_end__hover=&#8220;#29c4a9&#8243; background_color_gradient_end__hover_enabled=&#8220;#29c4a9&#8243; use_background_color_gradient__hover=&#8220;off&#8220; use_background_color_gradient__hover_enabled=&#8220;off&#8220; background_color_gradient_type__hover=&#8220;linear&#8220; background_color_gradient_type__hover_enabled=&#8220;linear&#8220; background_color_gradient_direction__hover=&#8220;180deg&#8220; background_color_gradient_direction__hover_enabled=&#8220;180deg&#8220; background_color_gradient_direction_radial__hover=&#8220;center&#8220; background_color_gradient_direction_radial__hover_enabled=&#8220;center&#8220; background_color_gradient_start_position__hover=&#8220;0%&#8220; background_color_gradient_start_position__hover_enabled=&#8220;0%&#8220; background_color_gradient_end_position__hover=&#8220;100%&#8220; background_color_gradient_end_position__hover_enabled=&#8220;100%&#8220; background_color_gradient_overlays_image__hover=&#8220;off&#8220; background_color_gradient_overlays_image__hover_enabled=&#8220;off&#8220; background_color_gradient_stops__hover=&#8220;#2b87da 0%|#29c4a9 100%&#8220;][et_pb_column type=&#8220;4_4&#8243; _builder_version=&#8220;4.16&#8243; custom_padding=&#8220;|||&#8220; global_colors_info=&#8220;{}&#8220; custom_padding__hover=&#8220;|||&#8220;][et_pb_text _builder_version=&#8220;4.19.0&#8243; header_font=&#8220;||||||||&#8220; header_2_font=&#8220;Times New Roman|800|||||||&#8220; header_2_text_align=&#8220;center&#8220; header_2_text_color=&#8220;#FFFFFF&#8220; header_2_font_size=&#8220;56px&#8220; custom_margin=&#8220;||15px&#8220; header_2_font_size_tablet=&#8220;&#8220; header_2_font_size_phone=&#8220;34px&#8220; header_2_font_size_last_edited=&#8220;on|phone&#8220; global_colors_info=&#8220;{}&#8220;]\n<h2>Service<\/h2>\n[\/et_pb_text][et_pb_divider color=&#8220;#9B000E&#8220; divider_style=&#8220;dotted&#8220; divider_weight=&#8220;12px&#8220; _builder_version=&#8220;4.19.0&#8243; max_width=&#8220;150px&#8220; module_alignment=&#8220;center&#8220; custom_padding=&#8220;25px||||false|false&#8220; global_colors_info=&#8220;{}&#8220;][\/et_pb_divider][\/et_pb_column][\/et_pb_row][et_pb_row _builder_version=&#8220;4.19.1&#8243; _module_preset=&#8220;default&#8220; global_colors_info=&#8220;{}&#8220;][et_pb_column type=&#8220;4_4&#8243; _builder_version=&#8220;4.16&#8243; _module_preset=&#8220;default&#8220; global_colors_info=&#8220;{}&#8220;][et_pb_text _builder_version=&#8220;4.19.1&#8243; text_font=&#8220;||||||||&#8220; text_text_color=&#8220;#000000&#8243; text_font_size=&#8220;17px&#8220; text_line_height=&#8220;1.8em&#8220; header_font=&#8220;|700||on|||||&#8220; header_text_color=&#8220;#9B000E&#8220; header_font_size=&#8220;22px&#8220; header_2_font=&#8220;Times New Roman|700|||||||&#8220; header_2_text_color=&#8220;#FFFFFF&#8220; header_2_font_size=&#8220;50px&#8220; header_2_line_height=&#8220;1.4em&#8220; header_4_font=&#8220;|700||on|||||&#8220; header_4_text_color=&#8220;#9B000E&#8220; header_4_letter_spacing=&#8220;3px&#8220; header_4_line_height=&#8220;1.4em&#8220; max_width=&#8220;1280%&#8220; custom_margin=&#8220;||20px&#8220; header_2_font_size_tablet=&#8220;35px&#8220; header_2_font_size_phone=&#8220;25px&#8220; header_2_font_size_last_edited=&#8220;on|phone&#8220; header_4_font_size_tablet=&#8220;16px&#8220; header_4_font_size_phone=&#8220;&#8220; header_4_font_size_last_edited=&#8220;on|phone&#8220; locked=&#8220;off&#8220; global_colors_info=&#8220;{}&#8220; header_font_size__hover=&#8220;30px&#8220; header_font_size__hover_enabled=&#8220;30px&#8220; header_letter_spacing__hover=&#8220;0px&#8220; header_letter_spacing__hover_enabled=&#8220;0px&#8220; header_text_shadow_style__hover=&#8220;none&#8220; header_text_shadow_style__hover_enabled=&#8220;none&#8220; header_text_shadow_color__hover=&#8220;rgba(0,0,0,0.4)&#8220; header_text_shadow_color__hover_enabled=&#8220;rgba(0,0,0,0.4)&#8220;]\n<h1>Unser Service<\/h1>\n<h2>F\u00fcr unsere Vereinsmitglieder<\/h2>\n[\/et_pb_text][\/et_pb_column][\/et_pb_row][et_pb_row column_structure=&#8220;1_4,1_4,1_4,1_4&#8243; use_custom_gutter=&#8220;on&#8220; gutter_width=&#8220;2&#8243; _builder_version=&#8220;4.19.1&#8243; _module_preset=&#8220;default&#8220; width_tablet=&#8220;&#8220; width_phone=&#8220;100%&#8220; width_last_edited=&#8220;on|phone&#8220; animation_style=&#8220;slide&#8220; animation_direction=&#8220;bottom&#8220; animation_duration=&#8220;750ms&#8220; animation_delay=&#8220;150ms&#8220; animation_intensity_slide=&#8220;35%&#8220; animation_starting_opacity=&#8220;100%&#8220; global_colors_info=&#8220;{}&#8220;][et_pb_column type=&#8220;1_4&#8243; _builder_version=&#8220;4.16&#8243; _module_preset=&#8220;default&#8220; custom_padding=&#8220;||||false|true&#8220; custom_padding_tablet=&#8220;|0px||0px|false|true&#8220; custom_padding_phone=&#8220;|35px||35px|false|true&#8220; custom_padding_last_edited=&#8220;on|phone&#8220; global_colors_info=&#8220;{}&#8220;][et_pb_blurb title=&#8220;Shop&#8220; image=&#8220;https:\/\/www.galloway-swiss.ch\/wp-content\/uploads\/2022\/11\/Swiss_Galloway_Society-Shop-01.jpg&#8220; _builder_version=&#8220;4.19.1&#8243; _module_preset=&#8220;default&#8220; header_font=&#8220;|700|||||||&#8220; header_text_align=&#8220;center&#8220; header_font_size=&#8220;24px&#8220; body_text_align=&#8220;center&#8220; body_font_size=&#8220;17px&#8220; background_color=&#8220;#ffffff&#8220; transform_translate_linked=&#8220;off&#8220; custom_padding=&#8220;35px|35px|35px|35px|true|true&#8220; animation=&#8220;off&#8220; border_radii=&#8220;on|10px|10px|10px|10px&#8220; border_radii_image=&#8220;on|5px|5px|5px|5px&#8220; global_colors_info=&#8220;{}&#8220; transform_styles__hover_enabled=&#8220;on|hover&#8220; transform_scale__hover_enabled=&#8220;on|desktop&#8220; transform_translate__hover=&#8220;0px|-35px&#8220; transform_translate__hover_enabled=&#8220;on|hover&#8220; transform_rotate__hover_enabled=&#8220;on|desktop&#8220; transform_skew__hover_enabled=&#8220;on|desktop&#8220; transform_origin__hover_enabled=&#8220;on|desktop&#8220;]Hier findest du<br \/>\nT-Shirts, Jacken,<br \/>\nProspekte uvm.<\/p>\n<p><a href=\"https:\/\/www.galloway-swiss.ch\/shop\/\">Weiter<\/a>[\/et_pb_blurb][\/et_pb_column][et_pb_column type=&#8220;1_4&#8243; _builder_version=&#8220;4.16&#8243; _module_preset=&#8220;default&#8220; custom_padding=&#8220;||||false|true&#8220; custom_padding_tablet=&#8220;|0px||0px|false|true&#8220; custom_padding_phone=&#8220;|35px||35px|false|true&#8220; custom_padding_last_edited=&#8220;on|phone&#8220; global_colors_info=&#8220;{}&#8220;][et_pb_blurb title=&#8220;Leihmaterial&#8220; image=&#8220;https:\/\/www.galloway-swiss.ch\/wp-content\/uploads\/2022\/11\/Swiss_Galloway_Society-Leihmaterial-01.jpg&#8220; _builder_version=&#8220;4.19.1&#8243; _module_preset=&#8220;default&#8220; header_font=&#8220;|700|||||||&#8220; header_text_align=&#8220;center&#8220; header_font_size=&#8220;24px&#8220; body_text_align=&#8220;center&#8220; body_font_size=&#8220;17px&#8220; background_color=&#8220;#ffffff&#8220; transform_translate_linked=&#8220;off&#8220; custom_padding=&#8220;35px|35px|35px|35px|true|true&#8220; animation=&#8220;off&#8220; border_radii=&#8220;on|10px|10px|10px|10px&#8220; border_radii_image=&#8220;on|5px|5px|5px|5px&#8220; global_colors_info=&#8220;{}&#8220; transform_styles__hover_enabled=&#8220;on|hover&#8220; transform_scale__hover_enabled=&#8220;on|desktop&#8220; transform_translate__hover=&#8220;0px|-35px&#8220; transform_translate__hover_enabled=&#8220;on|hover&#8220; transform_rotate__hover_enabled=&#8220;on|desktop&#8220; transform_skew__hover_enabled=&#8220;on|desktop&#8220; transform_origin__hover_enabled=&#8220;on|desktop&#8220;]Leihmaterial f\u00fcr Ausstellungszwecke<br \/>\nf\u00fcr unsere Mitglieder&#8230;<\/p>\n<p><a href=\"https:\/\/www.galloway-swiss.ch\/service\/leihmaterial\/\">Weiter<\/a>[\/et_pb_blurb][\/et_pb_column][et_pb_column type=&#8220;1_4&#8243; _builder_version=&#8220;4.16&#8243; _module_preset=&#8220;default&#8220; custom_padding=&#8220;||||false|true&#8220; custom_padding_tablet=&#8220;|0px||0px|false|true&#8220; custom_padding_phone=&#8220;|35px||35px|false|true&#8220; custom_padding_last_edited=&#8220;on|phone&#8220; global_colors_info=&#8220;{}&#8220;][et_pb_blurb title=&#8220;Bannerwerbung&#8220; image=&#8220;https:\/\/www.galloway-swiss.ch\/wp-content\/uploads\/2022\/11\/Dein-Logo.jpg&#8220; _builder_version=&#8220;4.19.1&#8243; _module_preset=&#8220;default&#8220; header_font=&#8220;|700|||||||&#8220; header_text_align=&#8220;center&#8220; header_font_size=&#8220;22px&#8220; body_text_align=&#8220;center&#8220; body_font_size=&#8220;17px&#8220; background_color=&#8220;#ffffff&#8220; transform_translate_linked=&#8220;off&#8220; custom_padding=&#8220;35px|35px|35px|35px|true|true&#8220; animation=&#8220;off&#8220; border_radii=&#8220;on|10px|10px|10px|10px&#8220; border_radii_image=&#8220;on|5px|5px|5px|5px&#8220; global_colors_info=&#8220;{}&#8220; transform_styles__hover_enabled=&#8220;on|hover&#8220; transform_scale__hover_enabled=&#8220;on|desktop&#8220; transform_translate__hover=&#8220;0px|-35px&#8220; transform_translate__hover_enabled=&#8220;on|hover&#8220; transform_rotate__hover_enabled=&#8220;on|desktop&#8220; transform_skew__hover_enabled=&#8220;on|desktop&#8220; transform_origin__hover_enabled=&#8220;on|desktop&#8220;]\n<p>Hier deine Produkte<br \/>bewerben! Sende dein<br \/>Bild oder Logo&#8230;<\/p>\n<p><a href=\"https:\/\/www.galloway-swiss.ch\/service\/bannerwerbung\/\">Weiter<\/a><\/p>\n[\/et_pb_blurb][\/et_pb_column][et_pb_column type=&#8220;1_4&#8243; _builder_version=&#8220;4.16&#8243; _module_preset=&#8220;default&#8220; custom_padding=&#8220;||||false|true&#8220; custom_padding_tablet=&#8220;|0px||0px|false|true&#8220; custom_padding_phone=&#8220;|35px||35px|false|true&#8220; custom_padding_last_edited=&#8220;on|phone&#8220; global_colors_info=&#8220;{}&#8220;][et_pb_blurb title=&#8220;Tiermarkt&#8220; image=&#8220;https:\/\/www.galloway-swiss.ch\/wp-content\/uploads\/2022\/11\/Swiss_Galloway_Society-Rasse-01.jpg&#8220; _builder_version=&#8220;4.19.3&#8243; _module_preset=&#8220;default&#8220; header_font=&#8220;|700|||||||&#8220; header_text_align=&#8220;center&#8220; header_font_size=&#8220;24px&#8220; body_text_align=&#8220;center&#8220; body_font_size=&#8220;17px&#8220; background_color=&#8220;#ffffff&#8220; transform_translate_linked=&#8220;off&#8220; custom_padding=&#8220;35px|35px|35px|35px|true|true&#8220; animation=&#8220;off&#8220; border_radii=&#8220;on|10px|10px|10px|10px&#8220; border_radii_image=&#8220;on|5px|5px|5px|5px&#8220; global_colors_info=&#8220;{}&#8220; transform_styles__hover_enabled=&#8220;on|hover&#8220; transform_scale__hover_enabled=&#8220;on|desktop&#8220; transform_translate__hover=&#8220;0px|-35px&#8220; transform_translate__hover_enabled=&#8220;on|hover&#8220; transform_rotate__hover_enabled=&#8220;on|desktop&#8220; transform_skew__hover_enabled=&#8220;on|desktop&#8220; transform_origin__hover_enabled=&#8220;on|desktop&#8220;]\n<p>F\u00fcr Mitglieder: Inserate aufschalten und verkaufen&#8230;<\/p>\n<p><a href=\"https:\/\/www.galloway-swiss.ch\/tiermarkt\/inserate\/\">Weiter<\/a><\/p>\n[\/et_pb_blurb][\/et_pb_column][\/et_pb_row][\/et_pb_section][et_pb_section fb_built=&#8220;1&#8243; custom_padding_last_edited=&#8220;on|phone&#8220; _builder_version=&#8220;4.22.1&#8243; background_image=&#8220;https:\/\/www.galloway-swiss.ch\/wp-content\/uploads\/2023\/12\/swiss-galloway-society-lang-203.jpg&#8220; parallax=&#8220;on&#8220; parallax_method=&#8220;off&#8220; z_index=&#8220;9&#8243; custom_padding=&#8220;40vh|0px|40vh|0px|true|false&#8220; custom_padding_tablet=&#8220;&#8220; custom_padding_phone=&#8220;&#8220; hover_enabled=&#8220;0&#8243; custom_css_main_element=&#8220;height: 100vh;&#8220; global_colors_info=&#8220;{}&#8220; title_text=&#8220;swiss-galloway-society-lang-203&#8243; sticky_enabled=&#8220;0&#8243;][\/et_pb_section]\n","protected":false},"excerpt":{"rendered":"<p>ServiceUnser Service F\u00fcr unsere VereinsmitgliederHier findest du T-Shirts, Jacken, Prospekte uvm. WeiterLeihmaterial f\u00fcr Ausstellungszwecke f\u00fcr unsere Mitglieder&#8230; WeiterHier deine Produktebewerben! Sende deinBild oder Logo&#8230; WeiterF\u00fcr Mitglieder: Inserate aufschalten und verkaufen&#8230; Weiter<\/p>","protected":false},"author":1,"featured_media":0,"parent":0,"menu_order":0,"comment_status":"closed","ping_status":"closed","template":"","meta":{"_et_pb_use_builder":"on","_et_pb_old_content":"","_et_gb_content_width":"","footnotes":""},"class_list":["post-1441","page","type-page","status-publish","hentry"],"_links":{"self":[{"href":"https:\/\/www.galloway-swiss.ch\/fr\/wp-json\/wp\/v2\/pages\/1441","targetHints":{"allow":["GET"]}}],"collection":[{"href":"https:\/\/www.galloway-swiss.ch\/fr\/wp-json\/wp\/v2\/pages"}],"about":[{"href":"https:\/\/www.galloway-swiss.ch\/fr\/wp-json\/wp\/v2\/types\/page"}],"author":[{"embeddable":true,"href":"https:\/\/www.galloway-swiss.ch\/fr\/wp-json\/wp\/v2\/users\/1"}],"replies":[{"embeddable":true,"href":"https:\/\/www.galloway-swiss.ch\/fr\/wp-json\/wp\/v2\/comments?post=1441"}],"version-history":[{"count":11,"href":"https:\/\/www.galloway-swiss.ch\/fr\/wp-json\/wp\/v2\/pages\/1441\/revisions"}],"predecessor-version":[{"id":103626,"href":"https:\/\/www.galloway-swiss.ch\/fr\/wp-json\/wp\/v2\/pages\/1441\/revisions\/103626"}],"wp:attachment":[{"href":"https:\/\/www.galloway-swiss.ch\/fr\/wp-json\/wp\/v2\/media?parent=1441"}],"curies":[{"name":"wp","href":"https:\/\/api.w.org\/{rel}","templated":true}]}}