{"id":1406,"date":"2022-11-06T22:12:58","date_gmt":"2022-11-06T22:12:58","guid":{"rendered":"https:\/\/www.galloway-swiss.ch\/?page_id=1406"},"modified":"2024-12-30T17:19:13","modified_gmt":"2024-12-30T17:19:13","slug":"das-produkt","status":"publish","type":"page","link":"https:\/\/www.galloway-swiss.ch\/fr\/die-rasse\/das-produkt\/","title":{"rendered":"Le produit"},"content":{"rendered":"[et_pb_section fb_built=&#8220;1&#8243; _builder_version=&#8220;4.19.0&#8243; _module_preset=&#8220;default&#8220; global_colors_info=&#8220;{}&#8220;][et_pb_row column_structure=&#8220;1_2,1_2&#8243; _builder_version=&#8220;4.19.0&#8243; _module_preset=&#8220;default&#8220; global_colors_info=&#8220;{}&#8220;][et_pb_column type=&#8220;1_2&#8243; _builder_version=&#8220;4.19.0&#8243; _module_preset=&#8220;default&#8220; global_colors_info=&#8220;{}&#8220;][et_pb_text _builder_version=&#8220;4.19.0&#8243; text_font=&#8220;|700||on|||||&#8220; text_text_color=&#8220;#9B000E&#8220; text_font_size=&#8220;22px&#8220; custom_margin=&#8220;||10px&#8220; global_colors_info=&#8220;{}&#8220;]\n<p>Galloway Gourmet Beef<\/p>\n[\/et_pb_text][et_pb_text _builder_version=&#8220;4.19.1&#8243; header_font=&#8220;Times New Roman|700|||||||&#8220; header_text_align=&#8220;left&#8220; header_text_color=&#8220;#353E4A&#8220; header_font_size=&#8220;53px&#8220; header_2_font=&#8220;Times New Roman|800|||||||&#8220; header_2_text_align=&#8220;center&#8220; header_2_text_color=&#8220;#353E4A&#8220; header_2_font_size=&#8220;56px&#8220; custom_margin=&#8220;||15px&#8220; header_font_size_tablet=&#8220;&#8220; header_font_size_phone=&#8220;35px&#8220; header_font_size_last_edited=&#8220;on|phone&#8220; header_2_font_size_tablet=&#8220;&#8220; header_2_font_size_phone=&#8220;34px&#8220; header_2_font_size_last_edited=&#8220;on|phone&#8220; global_colors_info=&#8220;{}&#8220;]\n<h1>Das Produkt<\/h1>\n[\/et_pb_text][et_pb_divider color=&#8220;#9B000E&#8220; divider_style=&#8220;dotted&#8220; divider_weight=&#8220;12px&#8220; _builder_version=&#8220;4.19.0&#8243; max_width=&#8220;20%&#8220; custom_margin=&#8220;30px||30px||false|false&#8220; global_colors_info=&#8220;{}&#8220;][\/et_pb_divider][et_pb_text _builder_version=&#8220;4.19.1&#8243; text_text_color=&#8220;#353E4A&#8220; text_font_size=&#8220;17px&#8220; header_5_font=&#8220;|700|||||||&#8220; header_5_text_color=&#8220;#353E4A&#8220; header_5_font_size=&#8220;17px&#8220; header_5_line_height=&#8220;1.4em&#8220; global_colors_info=&#8220;{}&#8220;]\n<h5>Grundlage f\u00fcr eine ausgezeichnete Fleischqualit\u00e4t ist die Raufaserf\u00fctterung durch betriebseigenes Gras und Heu.<\/h5>\n<p>Langsames Wachstum bei extensiver Haltung garantiert ein unverwechselbares Fleisch- und Geschmackserlebnis.<\/p>\n<p>Das Fleisch zeichnet sich aus durch feine Muskelfasern und eine ausgewogene Marmorierung. Dadurch ist es saftig und zart. Selbst Spitzenk\u00f6che sind vom Galloway Gourmet Beef begeistert.<\/p>\n<p>Sich f\u00fcr das Produkt &#8222;Galloway Gourmet Beef&#8220; zu entscheiden ist nicht nur eine Frage des Qualit\u00e4tsbewusstseins. Es bedeutet auch, sich auf einen verantwortungsbewussten Umgang mit den Tieren und der Natur zu besinnen.<\/p>\n[\/et_pb_text][et_pb_button button_url=&#8220;@ET-DC@eyJkeW5hbWljIjp0cnVlLCJjb250ZW50IjoicG9zdF9saW5rX3VybF9wYWdlIiwic2V0dGluZ3MiOnsicG9zdF9pZCI6IjE0MjgifX0=@&#8220; button_text=&#8220;Infos f\u00fcr Neueinsteiger&#8220; button_alignment=&#8220;left&#8220; _builder_version=&#8220;4.19.0&#8243; _dynamic_attributes=&#8220;button_url&#8220; custom_button=&#8220;on&#8220; button_text_size=&#8220;18px&#8220; button_text_color=&#8220;#ffffff&#8220; button_bg_color=&#8220;#9B000E&#8220; button_border_width=&#8220;0px&#8220; button_border_color=&#8220;#c47f17&#8243; button_border_radius=&#8220;0px&#8220; button_font=&#8220;|700||on|||||&#8220; button_use_icon=&#8220;off&#8220; custom_margin=&#8220;25px||&#8220; custom_padding=&#8220;7px|25px|7px|25px|true|true&#8220; box_shadow_style=&#8220;preset1&#8243; box_shadow_blur=&#8220;30px&#8220; locked=&#8220;off&#8220; global_colors_info=&#8220;{%22gcid-1c56ed07-9c3c-4423-acce-df85d285aa40%22:%91%22button_bg_color%22%93}&#8220; button_border_width__hover_enabled=&#8220;on&#8220; button_bg_color__hover_enabled=&#8220;on|desktop&#8220; button_bg_color__hover=&#8220;#9b444b&#8220; button_border_width__hover=&#8220;0px&#8220; button_bg_enable_color__hover=&#8220;on&#8220;][\/et_pb_button][\/et_pb_column][et_pb_column type=&#8220;1_2&#8243; _builder_version=&#8220;4.19.0&#8243; _module_preset=&#8220;default&#8220; global_colors_info=&#8220;{}&#8220;][et_pb_image src=&#8220;https:\/\/www.galloway-swiss.ch\/wp-content\/uploads\/2022\/11\/galloway-black-01.jpg&#8220; alt=&#8220;Galloway Gourmet Beef&#8220; title_text=&#8220;galloway-black-01&#8243; _builder_version=&#8220;4.27.2&#8243; _module_preset=&#8220;default&#8220; hover_enabled=&#8220;0&#8243; global_colors_info=&#8220;{}&#8220; sticky_enabled=&#8220;0&#8243;][\/et_pb_image][\/et_pb_column][\/et_pb_row][\/et_pb_section][et_pb_section fb_built=&#8220;1&#8243; _builder_version=&#8220;4.16&#8243; _module_preset=&#8220;default&#8220; custom_padding=&#8220;0px||0px||true|false&#8220; global_colors_info=&#8220;{}&#8220;][\/et_pb_section][et_pb_section fb_built=&#8220;1&#8243; _builder_version=&#8220;4.16&#8243; custom_padding=&#8220;0px||0||false|false&#8220; global_colors_info=&#8220;{}&#8220;][et_pb_row column_structure=&#8220;1_5,1_5,1_5,1_5,1_5&#8243; use_custom_gutter=&#8220;on&#8220; gutter_width=&#8220;1&#8243; padding_left_right_link_1=&#8220;false&#8220; _builder_version=&#8220;4.16&#8243; width=&#8220;100%&#8220; max_width=&#8220;100%&#8220; custom_padding=&#8220;0||0|5px|false|false&#8220; use_custom_width=&#8220;on&#8220; width_unit=&#8220;off&#8220; custom_width_percent=&#8220;100%&#8220; global_colors_info=&#8220;{}&#8220;][et_pb_column type=&#8220;1_5&#8243; _builder_version=&#8220;4.16&#8243; custom_padding=&#8220;|5px|5px|&#8220; global_colors_info=&#8220;{}&#8220; custom_padding__hover=&#8220;|||&#8220;][et_pb_image src=&#8220;https:\/\/www.galloway-swiss.ch\/wp-content\/uploads\/2022\/11\/galloway-swiss-society-600&#215;800-04.png&#8220; title_text=&#8220;galloway-swiss-society-600&#215;800-04&#8243; align_tablet=&#8220;center&#8220; align_phone=&#8220;&#8220; align_last_edited=&#8220;on|desktop&#8220; _builder_version=&#8220;4.19.1&#8243; global_colors_info=&#8220;{}&#8220;][\/et_pb_image][\/et_pb_column][et_pb_column type=&#8220;1_5&#8243; _builder_version=&#8220;4.16&#8243; custom_padding=&#8220;|5px|5px|&#8220; global_colors_info=&#8220;{}&#8220; custom_padding__hover=&#8220;|||&#8220;][et_pb_image src=&#8220;https:\/\/www.galloway-swiss.ch\/wp-content\/uploads\/2022\/11\/swiss-galloway-society-600&#215;800-11.png&#8220; title_text=&#8220;swiss-galloway-society-600&#215;800-11&#8243; align_tablet=&#8220;center&#8220; align_phone=&#8220;&#8220; align_last_edited=&#8220;on|desktop&#8220; _builder_version=&#8220;4.19.1&#8243; global_colors_info=&#8220;{}&#8220;][\/et_pb_image][\/et_pb_column][et_pb_column type=&#8220;1_5&#8243; _builder_version=&#8220;4.16&#8243; custom_padding=&#8220;|5px|5px|&#8220; global_colors_info=&#8220;{}&#8220; custom_padding__hover=&#8220;|||&#8220;][et_pb_image src=&#8220;https:\/\/www.galloway-swiss.ch\/wp-content\/uploads\/2022\/11\/swiss-galloway-society-600&#215;800-14.png&#8220; title_text=&#8220;swiss-galloway-society-600&#215;800-14&#8243; align_tablet=&#8220;center&#8220; align_phone=&#8220;&#8220; align_last_edited=&#8220;on|desktop&#8220; _builder_version=&#8220;4.19.1&#8243; global_colors_info=&#8220;{}&#8220;][\/et_pb_image][\/et_pb_column][et_pb_column type=&#8220;1_5&#8243; _builder_version=&#8220;4.16&#8243; custom_padding=&#8220;|5px|5px|&#8220; global_colors_info=&#8220;{}&#8220; custom_padding__hover=&#8220;|||&#8220;][et_pb_image src=&#8220;https:\/\/www.galloway-swiss.ch\/wp-content\/uploads\/2022\/11\/galloway-swiss-society-600&#215;800-03.png&#8220; title_text=&#8220;galloway-swiss-society-600&#215;800-03&#8243; align_tablet=&#8220;center&#8220; align_phone=&#8220;&#8220; align_last_edited=&#8220;on|desktop&#8220; _builder_version=&#8220;4.19.1&#8243; global_colors_info=&#8220;{}&#8220;][\/et_pb_image][\/et_pb_column][et_pb_column type=&#8220;1_5&#8243; _builder_version=&#8220;4.16&#8243; custom_padding=&#8220;|5px|5px|&#8220; global_colors_info=&#8220;{}&#8220; custom_padding__hover=&#8220;|||&#8220;][et_pb_image src=&#8220;https:\/\/www.galloway-swiss.ch\/wp-content\/uploads\/2022\/11\/swiss-galloway-society-600&#215;800-12.png&#8220; title_text=&#8220;swiss-galloway-society-600&#215;800-12&#8243; align_tablet=&#8220;center&#8220; align_phone=&#8220;&#8220; align_last_edited=&#8220;on|desktop&#8220; _builder_version=&#8220;4.19.1&#8243; global_colors_info=&#8220;{}&#8220;][\/et_pb_image][\/et_pb_column][\/et_pb_row][\/et_pb_section]\n","protected":false},"excerpt":{"rendered":"<p>Galloway Gourmet BeefDas ProduktGrundlage f\u00fcr eine ausgezeichnete Fleischqualit\u00e4t ist die Raufaserf\u00fctterung durch betriebseigenes Gras und Heu. Langsames Wachstum bei extensiver Haltung garantiert ein unverwechselbares Fleisch- und Geschmackserlebnis. Das Fleisch zeichnet sich aus durch feine Muskelfasern und eine ausgewogene Marmorierung. Dadurch ist es saftig und zart. Selbst Spitzenk\u00f6che sind vom Galloway Gourmet Beef begeistert. Sich f\u00fcr [&hellip;]<\/p>\n","protected":false},"author":1,"featured_media":0,"parent":1394,"menu_order":0,"comment_status":"closed","ping_status":"closed","template":"","meta":{"_et_pb_use_builder":"on","_et_pb_old_content":"","_et_gb_content_width":"","footnotes":""},"class_list":["post-1406","page","type-page","status-publish","hentry"],"_links":{"self":[{"href":"https:\/\/www.galloway-swiss.ch\/fr\/wp-json\/wp\/v2\/pages\/1406","targetHints":{"allow":["GET"]}}],"collection":[{"href":"https:\/\/www.galloway-swiss.ch\/fr\/wp-json\/wp\/v2\/pages"}],"about":[{"href":"https:\/\/www.galloway-swiss.ch\/fr\/wp-json\/wp\/v2\/types\/page"}],"author":[{"embeddable":true,"href":"https:\/\/www.galloway-swiss.ch\/fr\/wp-json\/wp\/v2\/users\/1"}],"replies":[{"embeddable":true,"href":"https:\/\/www.galloway-swiss.ch\/fr\/wp-json\/wp\/v2\/comments?post=1406"}],"version-history":[{"count":13,"href":"https:\/\/www.galloway-swiss.ch\/fr\/wp-json\/wp\/v2\/pages\/1406\/revisions"}],"predecessor-version":[{"id":104026,"href":"https:\/\/www.galloway-swiss.ch\/fr\/wp-json\/wp\/v2\/pages\/1406\/revisions\/104026"}],"up":[{"embeddable":true,"href":"https:\/\/www.galloway-swiss.ch\/fr\/wp-json\/wp\/v2\/pages\/1394"}],"wp:attachment":[{"href":"https:\/\/www.galloway-swiss.ch\/fr\/wp-json\/wp\/v2\/media?parent=1406"}],"curies":[{"name":"wp","href":"https:\/\/api.w.org\/{rel}","templated":true}]}}