{"id":1399,"date":"2022-11-06T21:42:38","date_gmt":"2022-11-06T21:42:38","guid":{"rendered":"https:\/\/www.galloway-swiss.ch\/?page_id=1399"},"modified":"2022-12-12T09:35:41","modified_gmt":"2022-12-12T09:35:41","slug":"galloway-gourmet-beef","status":"publish","type":"page","link":"https:\/\/www.galloway-swiss.ch\/fr\/die-rasse\/galloway-gourmet-beef\/","title":{"rendered":"Galloway Gourmet Beef"},"content":{"rendered":"[et_pb_section fb_built=&#8220;1&#8243; _builder_version=&#8220;4.16&#8243; background_color=&#8220;rgba(255,255,255,0)&#8220; background_size=&#8220;initial&#8220; background_position=&#8220;center_left&#8220; custom_padding=&#8220;||0px||false|false&#8220; global_colors_info=&#8220;{}&#8220;][et_pb_row column_structure=&#8220;1_2,1_2&#8243; _builder_version=&#8220;4.16&#8243; custom_padding=&#8220;||100px&#8220; animation_style=&#8220;slide&#8220; animation_direction=&#8220;bottom&#8220; animation_duration=&#8220;800ms&#8220; animation_delay=&#8220;200ms&#8220; animation_intensity_slide=&#8220;3%&#8220; global_colors_info=&#8220;{}&#8220;][et_pb_column type=&#8220;1_2&#8243; _builder_version=&#8220;4.16&#8243; custom_padding=&#8220;100px||||false|false&#8220; custom_padding_tablet=&#8220;50px||||false|false&#8220; custom_padding_phone=&#8220;0px||||false|false&#8220; custom_padding_last_edited=&#8220;on|phone&#8220; global_colors_info=&#8220;{}&#8220; custom_padding__hover=&#8220;|||&#8220;][et_pb_text _builder_version=&#8220;4.19.0&#8243; text_font=&#8220;|700||on|||||&#8220; text_text_color=&#8220;#9B000E&#8220; text_font_size=&#8220;22px&#8220; text_line_height=&#8220;1em&#8220; custom_margin=&#8220;||18px||false|false&#8220; custom_margin_tablet=&#8220;||50px||false|false&#8220; custom_margin_phone=&#8220;||25px||false|false&#8220; custom_margin_last_edited=&#8220;on|phone&#8220; text_font_size_tablet=&#8220;68px&#8220; text_font_size_phone=&#8220;20px&#8220; text_font_size_last_edited=&#8220;on|phone&#8220; global_colors_info=&#8220;{%22gcid-1c56ed07-9c3c-4423-acce-df85d285aa40%22:%91%22text_text_color%22%93}&#8220;]\n<p>Sicher und wertvoll<\/p>\n[\/et_pb_text][et_pb_text _builder_version=&#8220;4.19.1&#8243; header_font=&#8220;Times New Roman|700|||||||&#8220; header_text_align=&#8220;left&#8220; header_text_color=&#8220;#353E4A&#8220; header_font_size=&#8220;53px&#8220; header_2_font=&#8220;Times New Roman|800|||||||&#8220; header_2_text_align=&#8220;center&#8220; header_2_text_color=&#8220;#353E4A&#8220; header_2_font_size=&#8220;56px&#8220; custom_margin=&#8220;||15px&#8220; header_font_size_tablet=&#8220;&#8220; header_font_size_phone=&#8220;35px&#8220; header_font_size_last_edited=&#8220;on|phone&#8220; header_2_font_size_tablet=&#8220;&#8220; header_2_font_size_phone=&#8220;34px&#8220; header_2_font_size_last_edited=&#8220;on|phone&#8220; global_colors_info=&#8220;{}&#8220;]\n<h1>Galloway Gourmet Beef<\/h1>\n[\/et_pb_text][et_pb_divider color=&#8220;#9B000E&#8220; divider_style=&#8220;dotted&#8220; divider_weight=&#8220;12px&#8220; _builder_version=&#8220;4.19.0&#8243; max_width=&#8220;20%&#8220; custom_padding=&#8220;25px||||false|false&#8220; global_colors_info=&#8220;{}&#8220;][\/et_pb_divider][et_pb_text _builder_version=&#8220;4.19.0&#8243; text_font=&#8220;|700|||||||&#8220; text_text_color=&#8220;#353E4A&#8220; text_font_size=&#8220;17px&#8220; global_colors_info=&#8220;{}&#8220;]\n<p>Die nat\u00fcrliche F\u00fctterung der Galloway-Rinder mit Gras und Heu aus betriebseigenem Futter macht Galloway Gourmet Beef zu einem wertvollen Nahrungsmittel.<\/p>\n[\/et_pb_text][et_pb_text _builder_version=&#8220;4.19.0&#8243; text_font=&#8220;|700||on|||||&#8220; text_text_color=&#8220;#9B000E&#8220; text_font_size=&#8220;22px&#8220; text_line_height=&#8220;1em&#8220; custom_margin=&#8220;||18px||false|false&#8220; custom_margin_tablet=&#8220;||50px||false|false&#8220; custom_margin_phone=&#8220;||25px||false|false&#8220; custom_margin_last_edited=&#8220;on|phone&#8220; text_font_size_tablet=&#8220;68px&#8220; text_font_size_phone=&#8220;20px&#8220; text_font_size_last_edited=&#8220;on|phone&#8220; global_colors_info=&#8220;{%22gcid-1c56ed07-9c3c-4423-acce-df85d285aa40%22:%91%22text_text_color%22%93}&#8220;]\n<p>Galloway Gourmet Beef ist sicher!<\/p>\n[\/et_pb_text][et_pb_text _builder_version=&#8220;4.19.0&#8243; text_font=&#8220;||||||||&#8220; text_text_color=&#8220;#353E4A&#8220; text_font_size=&#8220;17px&#8220; hover_enabled=&#8220;0&#8243; global_colors_info=&#8220;{}&#8220; sticky_enabled=&#8220;0&#8243;]\n<p>Der unbedingte Verzicht auf Futterzus\u00e4tze, wie tierische Eiweisse, Wachstumshormone und ein Einsatz von Antibiotika machen Galloway Gourmet Beef zu einem sicheren Nahrungsmittel.<\/p>\n[\/et_pb_text][et_pb_text _builder_version=&#8220;4.19.0&#8243; text_font=&#8220;||||||||&#8220; text_text_color=&#8220;#353E4A&#8220; text_font_size=&#8220;17px&#8220; global_colors_info=&#8220;{}&#8220;]\n<p>Die ausf\u00fchrlichen Bestimmungen finden Sie im Produktionsreglement Galloway Gourmet Beef.<\/p>\n<p>Die Vermarktung ab Hof erlaubt es den Konsumenten diese Vorgaben an Ort und Stelle zu \u00fcberpr\u00fcfen. Ausf\u00fchrliche Adressen von Galloway-Z\u00fcchterInnen finden Sie unter der Rubrik Verein unter der Mitgliederkartei.<\/p>\n[\/et_pb_text][\/et_pb_column][et_pb_column type=&#8220;1_2&#8243; _builder_version=&#8220;4.16&#8243; custom_padding=&#8220;|||&#8220; global_colors_info=&#8220;{}&#8220; custom_padding__hover=&#8220;|||&#8220;][et_pb_image src=&#8220;https:\/\/www.galloway-swiss.ch\/wp-content\/uploads\/2022\/11\/galloway-swiss-society-600&#215;800-07.png&#8220; alt=&#8220;Galloway Gourmet Beef&#8220; title_text=&#8220;galloway-swiss-society-600&#215;800-07&#8243; _builder_version=&#8220;4.19.1&#8243; _module_preset=&#8220;default&#8220; custom_margin=&#8220;40px||||false|false&#8220; hover_enabled=&#8220;0&#8243; global_colors_info=&#8220;{}&#8220; transform_styles__hover_enabled=&#8220;on|hover&#8220; transform_scale__hover_enabled=&#8220;on|hover&#8220; transform_translate__hover_enabled=&#8220;on|desktop&#8220; transform_rotate__hover_enabled=&#8220;on|desktop&#8220; transform_skew__hover_enabled=&#8220;on|desktop&#8220; transform_origin__hover_enabled=&#8220;on|desktop&#8220; transform_scale__hover=&#8220;108%|108%&#8220; sticky_enabled=&#8220;0&#8243;][\/et_pb_image][\/et_pb_column][\/et_pb_row][et_pb_row _builder_version=&#8220;4.19.0&#8243; _module_preset=&#8220;default&#8220; custom_padding=&#8220;0px||||false|false&#8220; animation_style=&#8220;slide&#8220; animation_direction=&#8220;bottom&#8220; animation_duration=&#8220;800ms&#8220; animation_delay=&#8220;200ms&#8220; animation_intensity_slide=&#8220;3%&#8220; global_colors_info=&#8220;{}&#8220;][et_pb_column type=&#8220;4_4&#8243; _builder_version=&#8220;4.19.0&#8243; _module_preset=&#8220;default&#8220; use_background_color_gradient=&#8220;on&#8220; background_color_gradient_stops=&#8220;rgba(0,0,0,0.7) 0%|rgba(0,0,0,0.7) 100%&#8220; background_color_gradient_overlays_image=&#8220;on&#8220; background_color_gradient_start=&#8220;rgba(0,0,0,0.7)&#8220; background_color_gradient_end=&#8220;rgba(0,0,0,0.7)&#8220; background_image=&#8220;https:\/\/www.galloway-swiss.ch\/wp-content\/uploads\/2022\/11\/galloway-swiss-society-800&#215;800-03.png&#8220; custom_padding=&#8220;75px|75px|75px|75px|true|true&#8220; custom_padding_tablet=&#8220;75px|75px|75px|75px|true|true&#8220; custom_padding_phone=&#8220;75px|35px|75px|35px|true|true&#8220; custom_padding_last_edited=&#8220;on|phone&#8220; box_shadow_style=&#8220;preset1&#8243; box_shadow_spread=&#8220;8px&#8220; global_colors_info=&#8220;{}&#8220;][et_pb_text _builder_version=&#8220;4.19.0&#8243; _module_preset=&#8220;default&#8220; text_font=&#8220;|700|||||||&#8220; text_text_color=&#8220;#FFFFFF&#8220; text_font_size=&#8220;17px&#8220; header_3_font=&#8220;Times New Roman|700|||||||&#8220; header_3_text_color=&#8220;#FFFFFF&#8220; header_3_font_size=&#8220;36px&#8220; header_3_font_size_tablet=&#8220;36px&#8220; header_3_font_size_phone=&#8220;28px&#8220; header_3_font_size_last_edited=&#8220;on|phone&#8220; global_colors_info=&#8220;{}&#8220;]\n<h3>Voraussetzungen<\/h3>\n<p>f\u00fcr die Produktion von Galloway Gourmet Beef sind:<\/p>\n[\/et_pb_text][et_pb_divider color=&#8220;#9B000E&#8220; divider_style=&#8220;dotted&#8220; divider_weight=&#8220;12px&#8220; _builder_version=&#8220;4.19.0&#8243; max_width=&#8220;100px&#8220; module_alignment=&#8220;left&#8220; custom_margin=&#8220;30px||30px||true|false&#8220; global_colors_info=&#8220;{}&#8220;][\/et_pb_divider][et_pb_text _builder_version=&#8220;4.19.0&#8243; _module_preset=&#8220;default&#8220; text_font=&#8220;|300|||||||&#8220; text_text_color=&#8220;#FFFFFF&#8220; text_font_size=&#8220;17px&#8220; text_line_height=&#8220;1.6em&#8220; global_colors_info=&#8220;{}&#8220;]\n<ul>\n<li>Ein kurzer, schonender Transportweg oder Hofschlachtung<\/li>\n<li>Absolut stressfreie Schlachtung<\/li>\n<li>Sorgf\u00e4ltige Zerlegung des Schlachtk\u00f6rpers<\/li>\n<\/ul>\n[\/et_pb_text][\/et_pb_column][\/et_pb_row][\/et_pb_section][et_pb_section fb_built=&#8220;1&#8243; _builder_version=&#8220;4.19.0&#8243; _module_preset=&#8220;default&#8220; global_colors_info=&#8220;{}&#8220;][et_pb_row _builder_version=&#8220;4.19.0&#8243; _module_preset=&#8220;default&#8220; global_colors_info=&#8220;{}&#8220;][et_pb_column type=&#8220;4_4&#8243; _builder_version=&#8220;4.19.0&#8243; _module_preset=&#8220;default&#8220; global_colors_info=&#8220;{}&#8220;][et_pb_button button_url=&#8220;@ET-DC@eyJkeW5hbWljIjp0cnVlLCJjb250ZW50IjoicG9zdF9saW5rX3VybF9wYWdlIiwic2V0dGluZ3MiOnsicG9zdF9pZCI6IjE0MDYifX0=@&#8220; button_text=&#8220;Weiter zum Produkt&#8220; button_alignment=&#8220;center&#8220; _builder_version=&#8220;4.19.0&#8243; _dynamic_attributes=&#8220;button_url&#8220; custom_button=&#8220;on&#8220; button_text_size=&#8220;18px&#8220; button_text_color=&#8220;#ffffff&#8220; button_bg_color=&#8220;#9B000E&#8220; button_border_width=&#8220;0px&#8220; button_border_color=&#8220;#c47f17&#8243; button_border_radius=&#8220;0px&#8220; button_font=&#8220;|700||on|||||&#8220; button_use_icon=&#8220;off&#8220; custom_margin=&#8220;25px||&#8220; custom_padding=&#8220;7px|25px|7px|25px|true|true&#8220; box_shadow_style=&#8220;preset1&#8243; box_shadow_blur=&#8220;30px&#8220; locked=&#8220;off&#8220; global_colors_info=&#8220;{%22gcid-1c56ed07-9c3c-4423-acce-df85d285aa40%22:%91%22button_bg_color%22%93}&#8220; button_border_width__hover_enabled=&#8220;on&#8220; button_bg_color__hover_enabled=&#8220;on|desktop&#8220; button_bg_color__hover=&#8220;#9b444b&#8220; button_border_width__hover=&#8220;0px&#8220; button_bg_enable_color__hover=&#8220;on&#8220;][\/et_pb_button][\/et_pb_column][\/et_pb_row][\/et_pb_section]\n","protected":false},"excerpt":{"rendered":"<p>Sicher und wertvollGalloway Gourmet BeefDie nat\u00fcrliche F\u00fctterung der Galloway-Rinder mit Gras und Heu aus betriebseigenem Futter macht Galloway Gourmet Beef zu einem wertvollen Nahrungsmittel.Galloway Gourmet Beef ist sicher!Der unbedingte Verzicht auf Futterzus\u00e4tze, wie tierische Eiweisse, Wachstumshormone und ein Einsatz von Antibiotika machen Galloway Gourmet Beef zu einem sicheren Nahrungsmittel.Die ausf\u00fchrlichen Bestimmungen finden Sie im Produktionsreglement [&hellip;]<\/p>\n","protected":false},"author":1,"featured_media":0,"parent":1394,"menu_order":0,"comment_status":"closed","ping_status":"closed","template":"","meta":{"_et_pb_use_builder":"on","_et_pb_old_content":"","_et_gb_content_width":"","footnotes":""},"class_list":["post-1399","page","type-page","status-publish","hentry"],"_links":{"self":[{"href":"https:\/\/www.galloway-swiss.ch\/fr\/wp-json\/wp\/v2\/pages\/1399","targetHints":{"allow":["GET"]}}],"collection":[{"href":"https:\/\/www.galloway-swiss.ch\/fr\/wp-json\/wp\/v2\/pages"}],"about":[{"href":"https:\/\/www.galloway-swiss.ch\/fr\/wp-json\/wp\/v2\/types\/page"}],"author":[{"embeddable":true,"href":"https:\/\/www.galloway-swiss.ch\/fr\/wp-json\/wp\/v2\/users\/1"}],"replies":[{"embeddable":true,"href":"https:\/\/www.galloway-swiss.ch\/fr\/wp-json\/wp\/v2\/comments?post=1399"}],"version-history":[{"count":14,"href":"https:\/\/www.galloway-swiss.ch\/fr\/wp-json\/wp\/v2\/pages\/1399\/revisions"}],"predecessor-version":[{"id":103198,"href":"https:\/\/www.galloway-swiss.ch\/fr\/wp-json\/wp\/v2\/pages\/1399\/revisions\/103198"}],"up":[{"embeddable":true,"href":"https:\/\/www.galloway-swiss.ch\/fr\/wp-json\/wp\/v2\/pages\/1394"}],"wp:attachment":[{"href":"https:\/\/www.galloway-swiss.ch\/fr\/wp-json\/wp\/v2\/media?parent=1399"}],"curies":[{"name":"wp","href":"https:\/\/api.w.org\/{rel}","templated":true}]}}